{"id":448,"date":"2021-08-31T13:09:50","date_gmt":"2021-08-31T11:09:50","guid":{"rendered":"https:\/\/arthurgander.ch\/gander\/?page_id=448"},"modified":"2025-11-04T08:32:13","modified_gmt":"2025-11-04T07:32:13","slug":"billetterie","status":"publish","type":"page","link":"https:\/\/arthurgander.ch\/gander\/billetterie\/","title":{"rendered":"Billetterie"},"content":{"rendered":"\n<p style=\"font-size:22px\"><strong>Tous les billets pour la 42\u00e8me \u00e9dition du 5 novembre 2025 ont trouv\u00e9 preneurs ! Les gymnastes \u00e9volueront dans la salle de Beausobre \u00e0 guichets ferm\u00e9s !<\/strong> <\/p>\n\n\n\n<p><\/p>\n\n\n\n<div class=\"wp-block-buttons is-layout-flex wp-block-buttons-is-layout-flex\"><\/div>\n\n\n\n<p><\/p>\n","protected":false},"excerpt":{"rendered":"<p>Tous les billets pour la 42\u00e8me \u00e9dition du 5 novembre 2025 ont trouv\u00e9 preneurs ! Les gymnastes \u00e9volueront dans la salle de Beausobre \u00e0 guichets ferm\u00e9s !<\/p>\n","protected":false},"author":1,"featured_media":0,"parent":0,"menu_order":0,"comment_status":"closed","ping_status":"closed","template":"","meta":{"footnotes":""},"_links":{"self":[{"href":"https:\/\/arthurgander.ch\/gander\/wp-json\/wp\/v2\/pages\/448"}],"collection":[{"href":"https:\/\/arthurgander.ch\/gander\/wp-json\/wp\/v2\/pages"}],"about":[{"href":"https:\/\/arthurgander.ch\/gander\/wp-json\/wp\/v2\/types\/page"}],"author":[{"embeddable":true,"href":"https:\/\/arthurgander.ch\/gander\/wp-json\/wp\/v2\/users\/1"}],"replies":[{"embeddable":true,"href":"https:\/\/arthurgander.ch\/gander\/wp-json\/wp\/v2\/comments?post=448"}],"version-history":[{"count":24,"href":"https:\/\/arthurgander.ch\/gander\/wp-json\/wp\/v2\/pages\/448\/revisions"}],"predecessor-version":[{"id":1937,"href":"https:\/\/arthurgander.ch\/gander\/wp-json\/wp\/v2\/pages\/448\/revisions\/1937"}],"wp:attachment":[{"href":"https:\/\/arthurgander.ch\/gander\/wp-json\/wp\/v2\/media?parent=448"}],"curies":[{"name":"wp","href":"https:\/\/api.w.org\/{rel}","templated":true}]}}