{"id":128,"date":"2019-03-06T16:28:23","date_gmt":"2019-03-06T15:28:23","guid":{"rendered":"http:\/\/gymmorges.ch\/gander\/?page_id=128"},"modified":"2025-09-11T15:18:58","modified_gmt":"2025-09-11T13:18:58","slug":"medias","status":"publish","type":"page","link":"https:\/\/arthurgander.ch\/gander\/medias\/","title":{"rendered":"M\u00e9dias"},"content":{"rendered":"\n<h3 class=\"wp-block-heading\">Dossier de presse et accr\u00e9ditations<\/h3>\n\n\n\n<p>Vous \u00eates journaliste? Photographe? Vous avez la possibilit\u00e9 de nous demander une accr\u00e9ditation et un dossier de presse en envoyant un email \u00e0 <a href=\"mailto:media@arthurgander.ch\">media@arthurgander.ch<\/a> en mentionnant le m\u00e9dia que vous repr\u00e9sentez ainsi que votre carte de journaliste.<\/p>\n\n\n\n<hr class=\"wp-block-separator has-css-opacity\"\/>\n\n\n\n<h3 class=\"wp-block-heading\">Facilit\u00e9s pour les journalistes<\/h3>\n\n\n\n<ul>\n<li>Accueil<\/li>\n\n\n\n<li>Zone journaliste<\/li>\n\n\n\n<li>Communiqu\u00e9s de presse<\/li>\n\n\n\n<li>Consultant disponible pour toutes les questions technique gymniques<\/li>\n<\/ul>\n\n\n\n<hr class=\"wp-block-separator has-css-opacity\"\/>\n\n\n\n<h3 class=\"wp-block-heading\">Dossier de presse<\/h3>\n\n\n\n<p>Un dossier de presse vous sera remis lors de votre arriv\u00e9e sur place\u00a0en m\u00eame temps que votre accr\u00e9ditation (que vous aurez pris la peine de demander au pr\u00e9alable par email \u00e0 <a href=\"mailto:media@arthurgander.ch\">media@arthurgander.ch<\/a>).<\/p>\n","protected":false},"excerpt":{"rendered":"<p>Dossier de presse et accr\u00e9ditations Vous \u00eates journaliste? Photographe? Vous avez la possibilit\u00e9 de nous demander une accr\u00e9ditation et un dossier de presse en envoyant un email \u00e0 media@arthurgander.ch en mentionnant le m\u00e9dia que vous repr\u00e9sentez ainsi que votre carte de journaliste. Facilit\u00e9s pour les journalistes Dossier de presse Un dossier de presse vous sera [&hellip;]<\/p>\n","protected":false},"author":1,"featured_media":0,"parent":0,"menu_order":0,"comment_status":"closed","ping_status":"closed","template":"","meta":{"footnotes":""},"_links":{"self":[{"href":"https:\/\/arthurgander.ch\/gander\/wp-json\/wp\/v2\/pages\/128"}],"collection":[{"href":"https:\/\/arthurgander.ch\/gander\/wp-json\/wp\/v2\/pages"}],"about":[{"href":"https:\/\/arthurgander.ch\/gander\/wp-json\/wp\/v2\/types\/page"}],"author":[{"embeddable":true,"href":"https:\/\/arthurgander.ch\/gander\/wp-json\/wp\/v2\/users\/1"}],"replies":[{"embeddable":true,"href":"https:\/\/arthurgander.ch\/gander\/wp-json\/wp\/v2\/comments?post=128"}],"version-history":[{"count":6,"href":"https:\/\/arthurgander.ch\/gander\/wp-json\/wp\/v2\/pages\/128\/revisions"}],"predecessor-version":[{"id":1845,"href":"https:\/\/arthurgander.ch\/gander\/wp-json\/wp\/v2\/pages\/128\/revisions\/1845"}],"wp:attachment":[{"href":"https:\/\/arthurgander.ch\/gander\/wp-json\/wp\/v2\/media?parent=128"}],"curies":[{"name":"wp","href":"https:\/\/api.w.org\/{rel}","templated":true}]}}