{"id":122,"date":"2019-03-06T16:26:28","date_gmt":"2019-03-06T15:26:28","guid":{"rendered":"http:\/\/gymmorges.ch\/gander\/?page_id=122"},"modified":"2025-11-03T15:21:44","modified_gmt":"2025-11-03T14:21:44","slug":"acces","status":"publish","type":"page","link":"https:\/\/arthurgander.ch\/gander\/acces\/","title":{"rendered":"Acc\u00e8s"},"content":{"rendered":"\n<p>Merci de favoriser si possible les transports publics ! Voir ci-dessous la nouvelle offre \u00ab Slow Pass \u00bb incluant des rabais m\u00eame depuis votre domicile.<\/p>\n\n\n\n<p>Depuis la gare de Morges, la ligne de bus 702 (arr\u00eat \u00ab&nbsp;Grosse-Pierre&nbsp;\u00bb) ou la ligne 704 (arr\u00eat \u00ab\u00a0De Beausobre\u00a0\u00bb) vous am\u00e8ne directement \u00e0 Beausobre en moins de 5 minutes ! Les horaires sont&nbsp;<a href=\"https:\/\/mbc.ch\/\" target=\"_blank\" rel=\"noreferrer noopener\">ici<\/a><\/p>\n\n\n\n<p>Si vous venez en voiture, merci de pr\u00e9voir de vous parquer au parking souterrain des Halles qui se situe \u00e0 10 minutes \u00e0 pied : <a rel=\"noreferrer noopener\" href=\"https:\/\/www.pms-parkings.ch\/parking-quartier-des-halles-morges\/\" target=\"_blank\">https:\/\/www.pms-parkings.ch\/parking-quartier-des-halles-morges\/<\/a><\/p>\n\n\n\n<p><\/p>\n\n\n\n<figure class=\"wp-block-image size-large\"><img loading=\"lazy\" decoding=\"async\" width=\"1024\" height=\"626\" src=\"https:\/\/arthurgander.ch\/gander\/wp-content\/uploads\/2023\/09\/plan-beausobre-web-1024x626.jpg\" alt=\"\" class=\"wp-image-961\" srcset=\"https:\/\/arthurgander.ch\/gander\/wp-content\/uploads\/2023\/09\/plan-beausobre-web-1024x626.jpg 1024w, https:\/\/arthurgander.ch\/gander\/wp-content\/uploads\/2023\/09\/plan-beausobre-web-300x183.jpg 300w, https:\/\/arthurgander.ch\/gander\/wp-content\/uploads\/2023\/09\/plan-beausobre-web-768x470.jpg 768w, https:\/\/arthurgander.ch\/gander\/wp-content\/uploads\/2023\/09\/plan-beausobre-web-1536x939.jpg 1536w, https:\/\/arthurgander.ch\/gander\/wp-content\/uploads\/2023\/09\/plan-beausobre-web.jpg 1920w\" sizes=\"(max-width: 1024px) 100vw, 1024px\" \/><\/figure>\n\n\n\n<p><sup>\u00a9 Ville de Morges : morges.ch<\/sup><\/p>\n\n\n\n<p>Salle polyvalente de Beausobre<br> Avenue de Vertou 2<br> 1110 Morges \/ VD<br> SUISSE<\/p>\n\n\n\n<figure><iframe loading=\"lazy\" src=\"https:\/\/maps.google.ch\/maps?f=q&amp;source=s_q&amp;hl=fr&amp;geocode=&amp;q=Avenue+de+Vertou+2,+1110+Morges&amp;aq=0&amp;oq=Avenue+de+Vertou+2+1110+Morges&amp;sll=46.58687,6.656635&amp;sspn=1.651618,3.713379&amp;t=m&amp;ie=UTF8&amp;hq=&amp;hnear=Avenue+de+Vertou+2,+1110+Morges,+Vaud&amp;ll=46.516587,6.499872&amp;spn=0.028351,0.054932&amp;z=14&amp;iwloc=A&amp;output=embed\" width=\"640\" height=\"480\"><\/iframe><\/figure>\n\n\n\n<p><br> <a href=\"https:\/\/maps.google.ch\/maps?f=q&amp;source=embed&amp;hl=fr&amp;geocode=&amp;q=Avenue+de+Vertou+2,+1110+Morges&amp;aq=0&amp;oq=Avenue+de+Vertou+2+1110+Morges&amp;sll=46.58687,6.656635&amp;sspn=1.651618,3.713379&amp;t=m&amp;ie=UTF8&amp;hq=&amp;hnear=Avenue+de+Vertou+2,+1110+Morges,+Vaud&amp;ll=46.516587,6.499872&amp;spn=0.028351,0.054932&amp;z=14&amp;iwloc=A\" target=\"_blank\" rel=\"noreferrer noopener\">Agrandir le plan<\/a><\/p>\n\n\n\n<p><\/p>\n\n\n\n<h2 class=\"wp-block-heading\">Offre combin\u00e9e h\u00e9bergement + transport<\/h2>\n\n\n<div class=\"wp-block-image\">\n<figure class=\"aligncenter size-full is-resized\"><a href=\"http:\/\/www.slow-pass.ch\" target=\"_blank\" rel=\"noreferrer noopener\"><img loading=\"lazy\" decoding=\"async\" width=\"342\" height=\"340\" src=\"https:\/\/arthurgander.ch\/gander\/wp-content\/uploads\/2025\/10\/SlowPass.png\" alt=\"\" class=\"wp-image-1904\" style=\"width:182px;height:auto\" srcset=\"https:\/\/arthurgander.ch\/gander\/wp-content\/uploads\/2025\/10\/SlowPass.png 342w, https:\/\/arthurgander.ch\/gander\/wp-content\/uploads\/2025\/10\/SlowPass-300x298.png 300w, https:\/\/arthurgander.ch\/gander\/wp-content\/uploads\/2025\/10\/SlowPass-150x150.png 150w, https:\/\/arthurgander.ch\/gander\/wp-content\/uploads\/2025\/10\/SlowPass-240x240.png 240w, https:\/\/arthurgander.ch\/gander\/wp-content\/uploads\/2025\/10\/SlowPass-96x96.png 96w, https:\/\/arthurgander.ch\/gander\/wp-content\/uploads\/2025\/10\/SlowPass-121x121.png 121w, https:\/\/arthurgander.ch\/gander\/wp-content\/uploads\/2025\/10\/SlowPass-60x60.png 60w, https:\/\/arthurgander.ch\/gander\/wp-content\/uploads\/2025\/10\/SlowPass-184x184.png 184w\" sizes=\"(max-width: 342px) 100vw, 342px\" \/><\/a><\/figure><\/div>\n\n\n<p><strong>NOUVEAU<\/strong>&nbsp;: pour toute personne logeant au moins une nuit dans un \u00e9tablissement h\u00f4telier ou parah\u00f4telier du district de Morges, il lui sera remis le&nbsp;<strong><em>Slow Pass<\/em><\/strong>&nbsp;\u2013 la carte d\u2019h\u00f4te digitale \u2013 lui permettant d\u2019avoir des codes promotionnels sur les transports publics ainsi que de nombreux rabais dans des sites touristiques, culturels et de loisirs.<\/p>\n\n\n\n<p>Une fois votre r\u00e9servation d\u2019h\u00e9bergement effectu\u00e9, vous recevrez votre&nbsp;<strong><em>Slow Pass<\/em><\/strong>&nbsp;3 jours avant votre arriv\u00e9e (ou peu apr\u00e8s votre r\u00e9servation). Si vous ne le recevez pas, alors demandez le \u00e0 votre h\u00e9bergement.<\/p>\n\n\n\n<p>Vous pouvez acheter votre billet&nbsp;<strong>au d\u00e9part de votre domicile<\/strong>&nbsp;et \u00e0 destination de Morges et sa r\u00e9gion sur&nbsp;<a href=\"http:\/\/www.mbc.ch\/\" target=\"_blank\" rel=\"noreferrer noopener\">www.mbc.ch<\/a>&nbsp;, ainsi que le billet retour pour le jour du d\u00e9part.<\/p>\n\n\n\n<p>&nbsp;Tous les d\u00e9tails sur&nbsp;:&nbsp;<a href=\"http:\/\/www.slow-pass.ch\/\" target=\"_blank\" rel=\"noreferrer noopener\">www.slow-pass.ch<\/a><\/p>\n\n\n\n<p>&nbsp;<strong>NEU<\/strong>&nbsp;: Die Destination Morges R\u00e9gion freut sich, allen G\u00e4sten (Erwachsene und Kinder), die mindestens eine Nacht in einem Hotel oder einer hotel\u00e4hnlichen Einrichtung wie einem Campingplatz, einem B&amp;B, einer Ferienwohnung oder einem Ferienhaus<a href=\"https:\/\/www.slow-pass.ch\/assets\/images\/arcam\/carte_slowpass.jpg\" target=\"_blank\" rel=\"noreferrer noopener\">&nbsp;in Morges&nbsp;<\/a>verbringen, den&nbsp;<strong><em>Slow Pass<\/em><\/strong>, eine digitale G\u00e4stekarte, anzubieten.<\/p>\n\n\n\n<p>Der&nbsp;<strong><em>Slow Pass<\/em><\/strong>&nbsp;ist vom ersten bis zum letzten Tag des Aufenthalts g\u00fcltig. Mit dem&nbsp;<strong><em>Slow Pass<\/em><\/strong>&nbsp;profitieren unsere G\u00e4ste von Erm\u00e4\u00dfigungen auf zahlreiche Aktivit\u00e4ten sowie von Aktionscodes f\u00fcr \u00f6ffentliche Verkehrsmittel von, nach oder innerhalb von Morges, einschlie\u00dflich der Fahrten von und zu ihrem Wohnort in der Schweiz. Der&nbsp;<strong><em>Slow Pass<\/em><\/strong>&nbsp;wird Ihnen 3 Tage vor der Ankunft per mail zugesandt (oder kurz nach der Buchung). Falls Sie den Slow Pass nicht erhalten, wenden Sie sich bitte an ihre Unterkunft.<\/p>\n\n\n\n<p>&nbsp;Alle Informationen :&nbsp;<a href=\"http:\/\/www.slow-pass.ch\/\" target=\"_blank\" rel=\"noreferrer noopener\">www.slow-pass.ch<\/a><\/p>\n\n\n\n<p>&nbsp;<strong>NEW<\/strong>&nbsp;: The Morges Region destination is pleased to offer the&nbsp;<strong><em>Slow Pass<\/em><\/strong>, a digital guest card, to all guests (adults and children) staying at least one night in a hotel or hotel-like establishment such as a campsite, B&amp;B, apartment, vacation home, etc.,in&nbsp;<a href=\"https:\/\/www.slow-pass.ch\/assets\/images\/arcam\/carte_slowpass.jpg\" target=\"_blank\" rel=\"noreferrer noopener\">the Morges district<\/a>.<\/p>\n\n\n\n<p>The Slow Pass is valid from the first to the last day of the stay. With the Slow Pass, our guests benefit from discounts on numerous activities as well as promo codes for public transportation to, from, or within the Morges district, including travel to and from their home in Switzerland. The Slow Pass will be delivered by e-mail 3 days prior to your arrival, or shortly after your booking. If you don\u2019 t receive it, please contact your accomodation.<\/p>\n\n\n\n<p>&nbsp;More information :&nbsp;<a href=\"http:\/\/www.slow-pass.ch\/\" target=\"_blank\" rel=\"noreferrer noopener\">www.slow-pass.ch<\/a><\/p>\n","protected":false},"excerpt":{"rendered":"<p>Merci de favoriser si possible les transports publics ! Voir ci-dessous la nouvelle offre \u00ab Slow Pass \u00bb incluant des rabais m\u00eame depuis votre domicile. Depuis la gare de Morges, la ligne de bus 702 (arr\u00eat \u00ab&nbsp;Grosse-Pierre&nbsp;\u00bb) ou la ligne 704 (arr\u00eat \u00ab\u00a0De Beausobre\u00a0\u00bb) vous am\u00e8ne directement \u00e0 Beausobre en moins de 5 minutes ! [&hellip;]<\/p>\n","protected":false},"author":1,"featured_media":0,"parent":0,"menu_order":0,"comment_status":"closed","ping_status":"closed","template":"","meta":{"footnotes":""},"_links":{"self":[{"href":"https:\/\/arthurgander.ch\/gander\/wp-json\/wp\/v2\/pages\/122"}],"collection":[{"href":"https:\/\/arthurgander.ch\/gander\/wp-json\/wp\/v2\/pages"}],"about":[{"href":"https:\/\/arthurgander.ch\/gander\/wp-json\/wp\/v2\/types\/page"}],"author":[{"embeddable":true,"href":"https:\/\/arthurgander.ch\/gander\/wp-json\/wp\/v2\/users\/1"}],"replies":[{"embeddable":true,"href":"https:\/\/arthurgander.ch\/gander\/wp-json\/wp\/v2\/comments?post=122"}],"version-history":[{"count":12,"href":"https:\/\/arthurgander.ch\/gander\/wp-json\/wp\/v2\/pages\/122\/revisions"}],"predecessor-version":[{"id":1931,"href":"https:\/\/arthurgander.ch\/gander\/wp-json\/wp\/v2\/pages\/122\/revisions\/1931"}],"wp:attachment":[{"href":"https:\/\/arthurgander.ch\/gander\/wp-json\/wp\/v2\/media?parent=122"}],"curies":[{"name":"wp","href":"https:\/\/api.w.org\/{rel}","templated":true}]}}